{"id":19,"date":"2026-01-21T16:47:13","date_gmt":"2026-01-21T16:47:13","guid":{"rendered":"https:\/\/grenzer.org\/portfolio\/"},"modified":"2026-01-21T19:55:25","modified_gmt":"2026-01-21T19:55:25","slug":"portfolio","status":"publish","type":"page","link":"https:\/\/grenzer.org\/en\/portfolio\/","title":{"rendered":"Portfolio"},"content":{"rendered":"<div class=\"wp-block-group alignfull is-style-ext-preset--group--natural-1--section has-background-background-color has-background has-global-padding is-layout-constrained wp-container-core-group-is-layout-7276a2bb wp-block-group-is-layout-constrained\" style=\"margin-top:0;margin-bottom:0;padding-top:var(--wp--preset--spacing--60);padding-right:var(--wp--preset--spacing--30);padding-bottom:var(--wp--preset--spacing--60);padding-left:var(--wp--preset--spacing--30)\">\n<div class=\"wp-block-columns alignwide are-vertically-aligned-center is-layout-flex wp-container-core-columns-is-layout-47c06fe3 wp-block-columns-is-layout-flex\">\n<div class=\"wp-block-column is-vertically-aligned-center is-layout-flow wp-container-core-column-is-layout-f5bb311e wp-block-column-is-layout-flow\" style=\"flex-basis:50%\">\n<figure class=\"wp-block-image size-full\"><img loading=\"lazy\" decoding=\"async\" width=\"542\" height=\"723\" src=\"https:\/\/grenzer.org\/wp-content\/uploads\/2026\/01\/2-edited.jpg\" alt=\"\" class=\"wp-image-189\" srcset=\"https:\/\/grenzer.org\/wp-content\/uploads\/2026\/01\/2-edited.jpg 542w, https:\/\/grenzer.org\/wp-content\/uploads\/2026\/01\/2-edited-225x300.jpg 225w, https:\/\/grenzer.org\/wp-content\/uploads\/2026\/01\/2-edited-9x12.jpg 9w\" sizes=\"auto, (max-width: 542px) 100vw, 542px\" \/><\/figure>\n<\/div>\n\n\n\n<div class=\"wp-block-column is-vertically-aligned-center is-layout-flow wp-block-column-is-layout-flow\" style=\"flex-basis:60%\">\n<h2 class=\"wp-block-heading has-large-font-size\">Schmied und Graveur Michael Z\u00f6llner<\/h2>\n\n\n\n<p style=\"margin-top:8px\">&#8222;mit Stahl bin ich aufgewachsen&#8220;<\/p>\n\n\n\n<p style=\"margin-top:16px\">Noch vor meiner Ausbildung zum Werkzeugmechaniker Formenbau und noch lange vor meinem Meisterbrief entfachte meine Leidenschaft f\u00fcr Klingen die noch dem Feuer der Esse entsprungen sind.<\/p>\n\n\n\n<p style=\"margin-top:16px\">So beschreite ich seitdem diesen Pfad, stecke die Grenzen meines Handwerks von Arbeit zu Arbeit neu ab und denke nicht daran, den Hammer niederzulegen. <\/p>\n\n\n\n<p style=\"margin-top:16px\">Schmieden, f\u00fcr mich insbesonders das Klingenschmieden ist eine Leidenschaft, hart aber ehrlich, nur \u00fcber Blasen und Hornhaut, \u00fcber Schwei\u00df, Blut und auch manchmal Tr\u00e4nen f\u00fchrt der Weg hin zu unwiederbringbaren Meisterwerken.<\/p>\n\n\n\n<p style=\"margin-top:16px\">Meine Philosophie ist: weiter&#8230; <\/p>\n\n\n\n<p style=\"margin-top:16px\">&#8230;weiter nach vorne schauen, denn die n\u00e4chste Arbeit kann noch ausgefallener werden als die vorherige.<\/p>\n\n\n\n<p style=\"margin-top:16px\">&#8230;weiter zur\u00fcckschauen, Traditionen bewahren und in die Fu\u00dfstapfen der Schmiede treten, die uns erstaunliche Arbeiten aus den Jahrhunderten, Jahrtausenden geschaffen haben<\/p>\n\n\n\n<p style=\"margin-top:16px\">&#8230;weitermachen, motiviert, andere mitrei\u00dfen und teilhaben lassen. Wenigstens 10% meines Gewinns flie\u00dfen in soziale Projekte Weltweit.<\/p>\n\n\n\n<blockquote class=\"wp-block-quote is-layout-flow wp-block-quote-is-layout-flow\">\n<p>&#8222;Grenzer &#8211; geschmiedet im Siegerland&#8220;<\/p>\n\n\n\n<p>&#8222;Geh\u00e4rteter Stahl trutzt und beugt sich nicht der Zeit&#8220;<\/p>\n<\/blockquote>\n\n\n\n<p style=\"margin-top:16px\"><\/p>\n\n\n\n<ul class=\"wp-block-social-links has-normal-icon-size has-icon-color is-style-logos-only is-layout-flex wp-container-core-social-links-is-layout-ec7a6dbc wp-block-social-links-is-layout-flex\" style=\"margin-top:var(--wp--preset--spacing--30)\"><li style=\"color:#0B0620;\" class=\"wp-social-link wp-social-link-linkedin has-foreground-color wp-block-social-link\"><a href=\"#grenzereu\" class=\"wp-block-social-link-anchor\"><svg width=\"24\" height=\"24\" viewbox=\"0 0 24 24\" version=\"1.1\" xmlns=\"http:\/\/www.w3.org\/2000\/svg\" aria-hidden=\"true\" focusable=\"false\"><path d=\"M19.7,3H4.3C3.582,3,3,3.582,3,4.3v15.4C3,20.418,3.582,21,4.3,21h15.4c0.718,0,1.3-0.582,1.3-1.3V4.3 C21,3.582,20.418,3,19.7,3z M8.339,18.338H5.667v-8.59h2.672V18.338z M7.004,8.574c-0.857,0-1.549-0.694-1.549-1.548 c0-0.855,0.691-1.548,1.549-1.548c0.854,0,1.547,0.694,1.547,1.548C8.551,7.881,7.858,8.574,7.004,8.574z M18.339,18.338h-2.669 v-4.177c0-0.996-0.017-2.278-1.387-2.278c-1.389,0-1.601,1.086-1.601,2.206v4.249h-2.667v-8.59h2.559v1.174h0.037 c0.356-0.675,1.227-1.387,2.526-1.387c2.703,0,3.203,1.779,3.203,4.092V18.338z\"><\/path><\/svg><span class=\"wp-block-social-link-label screen-reader-text\">LinkedIn<\/span><\/a><\/li><\/ul>\n<\/div>\n<\/div>\n<\/div>\n\n\n\n<div class=\"wp-block-group alignfull is-style-ext-preset--group--natural-1--section has-background-background-color has-background has-global-padding is-layout-constrained wp-container-core-group-is-layout-e955bbaf wp-block-group-is-layout-constrained\" style=\"margin-top:0;margin-bottom:0;padding-top:var(--wp--preset--spacing--70);padding-bottom:var(--wp--preset--spacing--70)\">\n<div class=\"wp-block-group alignwide is-vertical is-content-justification-center is-layout-flex wp-container-core-group-is-layout-c9ee0c5a wp-block-group-is-layout-flex\">\n<div class=\"wp-block-group has-global-padding is-layout-constrained wp-container-core-group-is-layout-2287c683 wp-block-group-is-layout-constrained\">\n<h2 class=\"wp-block-heading has-text-align-center\">Inhouse<\/h2>\n\n\n\n<p class=\"has-text-align-center\">unser Herzst\u00fcck<\/p>\n<\/div>\n<\/div>\n\n\n\n<div class=\"wp-block-columns alignwide is-layout-flex wp-container-core-columns-is-layout-08c01c1c wp-block-columns-is-layout-flex\">\n<div class=\"wp-block-column is-layout-flow wp-block-column-is-layout-flow\">\n<div class=\"wp-block-group is-style-ext-preset--group--natural-1--item-card-1--align-center has-global-padding is-layout-constrained wp-block-group-is-layout-constrained is-style-ext-preset--group--natural-1--item-card-1--align-center--3\">\n<figure class=\"wp-block-image size-large\"><img loading=\"lazy\" decoding=\"async\" width=\"1024\" height=\"1024\" src=\"https:\/\/grenzer.org\/wp-content\/uploads\/2026\/01\/Damast-Bild-edited-1024x1024.png\" alt=\"\" class=\"wp-image-168\" style=\"aspect-ratio:4\/3;object-fit:cover\" srcset=\"https:\/\/grenzer.org\/wp-content\/uploads\/2026\/01\/Damast-Bild-edited-1024x1024.png 1024w, https:\/\/grenzer.org\/wp-content\/uploads\/2026\/01\/Damast-Bild-edited-300x300.png 300w, https:\/\/grenzer.org\/wp-content\/uploads\/2026\/01\/Damast-Bild-edited-150x150.png 150w, https:\/\/grenzer.org\/wp-content\/uploads\/2026\/01\/Damast-Bild-edited-768x768.png 768w, https:\/\/grenzer.org\/wp-content\/uploads\/2026\/01\/Damast-Bild-edited-1536x1536.png 1536w, https:\/\/grenzer.org\/wp-content\/uploads\/2026\/01\/Damast-Bild-edited-2048x2048.png 2048w, https:\/\/grenzer.org\/wp-content\/uploads\/2026\/01\/Damast-Bild-edited-12x12.png 12w\" sizes=\"auto, (max-width: 1024px) 100vw, 1024px\" \/><\/figure>\n\n\n\n<div class=\"wp-block-group is-style-default has-global-padding is-layout-constrained wp-block-group-is-layout-constrained\">\n<h3 class=\"wp-block-heading has-text-align-center\">Stahlverarbeitung<\/h3>\n\n\n\n<p class=\"has-text-align-center\">Qualit\u00e4tsst\u00e4hle aus deutscher Herstellung, die von uns zu Damast oder direkt zu Klingen verarbeitet werden. Vom K\u00fcchenmesser bis zum Gassenhauer.<\/p>\n<\/div>\n<\/div>\n<\/div>\n\n\n\n<div class=\"wp-block-column is-layout-flow wp-block-column-is-layout-flow\">\n<div class=\"wp-block-group is-style-ext-preset--group--natural-1--item-card-1--align-center has-global-padding is-layout-constrained wp-block-group-is-layout-constrained is-style-ext-preset--group--natural-1--item-card-1--align-center--4\">\n<figure class=\"wp-block-image size-full\"><img loading=\"lazy\" decoding=\"async\" width=\"916\" height=\"712\" src=\"https:\/\/grenzer.org\/wp-content\/uploads\/2026\/01\/Werbung3.png\" alt=\"\" class=\"wp-image-51\" style=\"aspect-ratio:4\/3;object-fit:cover\" srcset=\"https:\/\/grenzer.org\/wp-content\/uploads\/2026\/01\/Werbung3.png 916w, https:\/\/grenzer.org\/wp-content\/uploads\/2026\/01\/Werbung3-300x233.png 300w, https:\/\/grenzer.org\/wp-content\/uploads\/2026\/01\/Werbung3-768x597.png 768w, https:\/\/grenzer.org\/wp-content\/uploads\/2026\/01\/Werbung3-15x12.png 15w\" sizes=\"auto, (max-width: 916px) 100vw, 916px\" \/><\/figure>\n\n\n\n<div class=\"wp-block-group is-style-default has-global-padding is-layout-constrained wp-block-group-is-layout-constrained\">\n<h3 class=\"wp-block-heading has-text-align-center\">Traditionelle Handarbeit<\/h3>\n\n\n\n<p class=\"has-text-align-center\">Erfahrene H\u00e4nde erschaffen Ihr funktionales Kunstwerk. Nichts wird dem Zufall \u00fcberlassen, Sie designen mit, wir setzten Ihre Vision um.  <\/p>\n<\/div>\n<\/div>\n<\/div>\n\n\n\n<div class=\"wp-block-column is-layout-flow wp-block-column-is-layout-flow\">\n<div class=\"wp-block-group is-style-ext-preset--group--natural-1--item-card-1--align-center has-global-padding is-layout-constrained wp-block-group-is-layout-constrained is-style-ext-preset--group--natural-1--item-card-1--align-center--5\">\n<figure class=\"wp-block-image size-large\"><img loading=\"lazy\" decoding=\"async\" width=\"661\" height=\"661\" src=\"https:\/\/grenzer.org\/wp-content\/uploads\/2026\/01\/9-1-edited.png\" alt=\"\" class=\"wp-image-329\" style=\"aspect-ratio:4\/3;object-fit:cover\" srcset=\"https:\/\/grenzer.org\/wp-content\/uploads\/2026\/01\/9-1-edited.png 661w, https:\/\/grenzer.org\/wp-content\/uploads\/2026\/01\/9-1-edited-300x300.png 300w, https:\/\/grenzer.org\/wp-content\/uploads\/2026\/01\/9-1-edited-150x150.png 150w, https:\/\/grenzer.org\/wp-content\/uploads\/2026\/01\/9-1-edited-12x12.png 12w\" sizes=\"auto, (max-width: 661px) 100vw, 661px\" \/><\/figure>\n\n\n\n<div class=\"wp-block-group is-style-default has-global-padding is-layout-constrained wp-block-group-is-layout-constrained\">\n<h3 class=\"wp-block-heading has-text-align-center\">\u00dcberlegene Oberfl\u00e4chen<\/h3>\n\n\n\n<p class=\"has-text-align-center\">Durch Reliefgravurtechniken und Edelmetallinlays sondert Sie Ihr Kunstwerk ganz sicher von der Menge ab.<\/p>\n<\/div>\n<\/div>\n<\/div>\n<\/div>\n<\/div>","protected":false},"excerpt":{"rendered":"<p>Schmied und Graveur Michael Z\u00f6llner &#8222;mit Stahl bin ich aufgewachsen&#8220; Noch vor meiner Ausbildung zum Werkzeugmechaniker Formenbau und noch lange vor meinem Meisterbrief entfachte meine Leidenschaft f\u00fcr Klingen die noch dem Feuer der Esse entsprungen sind. So beschreite ich seitdem diesen Pfad, stecke die Grenzen meines Handwerks von Arbeit zu Arbeit neu ab und denke [&hellip;]<\/p>\n","protected":false},"author":1,"featured_media":0,"parent":0,"menu_order":0,"comment_status":"closed","ping_status":"closed","template":"page-with-title","meta":{"footnotes":""},"class_list":["post-19","page","type-page","status-publish","hentry"],"_links":{"self":[{"href":"https:\/\/grenzer.org\/en\/wp-json\/wp\/v2\/pages\/19","targetHints":{"allow":["GET"]}}],"collection":[{"href":"https:\/\/grenzer.org\/en\/wp-json\/wp\/v2\/pages"}],"about":[{"href":"https:\/\/grenzer.org\/en\/wp-json\/wp\/v2\/types\/page"}],"author":[{"embeddable":true,"href":"https:\/\/grenzer.org\/en\/wp-json\/wp\/v2\/users\/1"}],"replies":[{"embeddable":true,"href":"https:\/\/grenzer.org\/en\/wp-json\/wp\/v2\/comments?post=19"}],"version-history":[{"count":133,"href":"https:\/\/grenzer.org\/en\/wp-json\/wp\/v2\/pages\/19\/revisions"}],"predecessor-version":[{"id":376,"href":"https:\/\/grenzer.org\/en\/wp-json\/wp\/v2\/pages\/19\/revisions\/376"}],"wp:attachment":[{"href":"https:\/\/grenzer.org\/en\/wp-json\/wp\/v2\/media?parent=19"}],"curies":[{"name":"wp","href":"https:\/\/api.w.org\/{rel}","templated":true}]}}