{"id":20,"date":"2026-01-21T16:47:13","date_gmt":"2026-01-21T16:47:13","guid":{"rendered":"https:\/\/grenzer.org\/start\/"},"modified":"2026-01-21T19:52:41","modified_gmt":"2026-01-21T19:52:41","slug":"start","status":"publish","type":"page","link":"https:\/\/grenzer.org\/en\/","title":{"rendered":"Start"},"content":{"rendered":"<div class=\"wp-block-group alignfull is-style-ext-preset--group--natural-1--section has-background-background-color has-background has-global-padding is-layout-constrained wp-container-core-group-is-layout-3a3c7119 wp-block-group-is-layout-constrained\" style=\"margin-top:0;margin-bottom:0;padding-top:var(--wp--preset--spacing--50);padding-bottom:var(--wp--preset--spacing--70)\">\n<h1 class=\"wp-block-heading alignwide\">Einzigartige Kunstwerke aus Stahl<\/h1>\n\n\n\n<div class=\"wp-block-columns alignwide is-layout-flex wp-container-core-columns-is-layout-87beb0d0 wp-block-columns-is-layout-flex\">\n<div class=\"wp-block-column is-vertically-aligned-stretch is-layout-flow wp-container-core-column-is-layout-5dafc681 wp-block-column-is-layout-flow\">\n<figure class=\"wp-block-image size-large is-style-ext-preset--image--natural-1--image-1--content-right is-style-ext-preset--image--natural-1--image-1--content-right--2\"><img loading=\"lazy\" decoding=\"async\" width=\"1024\" height=\"930\" src=\"https:\/\/grenzer.org\/wp-content\/uploads\/2026\/01\/IMG_2493-1024x930.png\" alt=\"\" class=\"wp-image-50\" style=\"aspect-ratio:16\/9;object-fit:cover\" srcset=\"https:\/\/grenzer.org\/wp-content\/uploads\/2026\/01\/IMG_2493-1024x930.png 1024w, https:\/\/grenzer.org\/wp-content\/uploads\/2026\/01\/IMG_2493-300x272.png 300w, https:\/\/grenzer.org\/wp-content\/uploads\/2026\/01\/IMG_2493-768x698.png 768w, https:\/\/grenzer.org\/wp-content\/uploads\/2026\/01\/IMG_2493-13x12.png 13w, https:\/\/grenzer.org\/wp-content\/uploads\/2026\/01\/IMG_2493.png 1385w\" sizes=\"auto, (max-width: 1024px) 100vw, 1024px\" \/><\/figure>\n\n\n\n<div class=\"wp-block-group has-global-padding is-layout-constrained wp-block-group-is-layout-constrained\">\n<figure class=\"wp-block-image size-large wp-duotone-foreground-and-background\"><img decoding=\"async\" src=\"data:image\/svg+xml;base64,PHN2ZyB4bWxucz0iaHR0cDovL3d3dy53My5vcmcvMjAwMC9zdmciIHdpZHRoPSI0OCIgaGVpZ2h0PSI0OCIgZmlsbD0iIzAwMDAwMCIgdmlld0JveD0iMCAwIDI1NiAyNTYiPjxwYXRoIGQ9Ik0yMDUuNjYsMTQ5LjY2bC03Miw3MmE4LDgsMCwwLDEtMTEuMzIsMGwtNzItNzJhOCw4LDAsMCwxLDExLjMyLTExLjMyTDEyMCwxOTYuNjlWNDBhOCw4LDAsMCwxLDE2LDBWMTk2LjY5bDU4LjM0LTU4LjM1YTgsOCwwLDAsMSwxMS4zMiwxMS4zMloiPjwvcGF0aD48L3N2Zz4=\" alt=\"\"\/><\/figure>\n\n\n\n<p class=\"has-small-font-size\" style=\"margin-top:1.5rem\">Grenzer vereint Tradition und Vision in einzigartiger Handwerkskunst.<\/p>\n\n\n\n<div class=\"wp-block-buttons is-layout-flex wp-block-buttons-is-layout-flex\">\n<div class=\"wp-block-button is-style-ext-preset--button--natural-1--button-1 is-style-ext-preset--button--natural-1--button-1--3\"><a class=\"wp-block-button__link wp-element-button\" href=\"https:\/\/grenzer.org\/en\/portfolio\/\">Mehr erfahren<\/a><\/div>\n<\/div>\n<\/div>\n<\/div>\n\n\n\n<div class=\"wp-block-column is-vertically-aligned-center is-layout-flow wp-block-column-is-layout-flow\">\n<div class=\"wp-block-cover is-style-ext-preset--image--natural-1--image-1--content-bottom has-aspect-ratio is-style-ext-preset--image--natural-1--image-1--content-bottom--4\" style=\"min-height:100%;aspect-ratio:3\/4;min-height:unset;\"><img loading=\"lazy\" decoding=\"async\" width=\"2560\" height=\"1440\" class=\"wp-block-cover__image-background wp-image-64 size-full\" alt=\"\" src=\"https:\/\/grenzer.org\/wp-content\/uploads\/2026\/01\/Bild-Schmied-scaled.png\" data-object-fit=\"cover\" srcset=\"https:\/\/grenzer.org\/wp-content\/uploads\/2026\/01\/Bild-Schmied-scaled.png 2560w, https:\/\/grenzer.org\/wp-content\/uploads\/2026\/01\/Bild-Schmied-300x169.png 300w, https:\/\/grenzer.org\/wp-content\/uploads\/2026\/01\/Bild-Schmied-1024x576.png 1024w, https:\/\/grenzer.org\/wp-content\/uploads\/2026\/01\/Bild-Schmied-768x432.png 768w, https:\/\/grenzer.org\/wp-content\/uploads\/2026\/01\/Bild-Schmied-1536x864.png 1536w, https:\/\/grenzer.org\/wp-content\/uploads\/2026\/01\/Bild-Schmied-2048x1152.png 2048w, https:\/\/grenzer.org\/wp-content\/uploads\/2026\/01\/Bild-Schmied-18x10.png 18w\" sizes=\"auto, (max-width: 2560px) 100vw, 2560px\" \/><span aria-hidden=\"true\" class=\"wp-block-cover__background has-background-dim-0 has-background-dim\" style=\"background-color:#5c5858\"><\/span><div class=\"wp-block-cover__inner-container is-layout-flow wp-block-cover-is-layout-flow\">\n<div style=\"height:340px\" aria-hidden=\"true\" class=\"wp-block-spacer\"><\/div>\n<\/div><\/div>\n<\/div>\n\n\n\n<div class=\"wp-block-column is-vertically-aligned-bottom is-layout-flow wp-block-column-is-layout-flow\">\n<figure class=\"wp-block-image size-large is-style-ext-preset--image--natural-1--image-1--content-left is-style-ext-preset--image--natural-1--image-1--content-left--5\"><img loading=\"lazy\" decoding=\"async\" width=\"1761\" height=\"1322\" src=\"https:\/\/grenzer.org\/wp-content\/uploads\/2026\/01\/9-1024x769.png\" alt=\"\" class=\"wp-image-63\" style=\"aspect-ratio:16\/9;object-fit:cover\" srcset=\"https:\/\/grenzer.org\/wp-content\/uploads\/2026\/01\/9-1024x769.png 1024w, https:\/\/grenzer.org\/wp-content\/uploads\/2026\/01\/9-300x225.png 300w, https:\/\/grenzer.org\/wp-content\/uploads\/2026\/01\/9-768x577.png 768w, https:\/\/grenzer.org\/wp-content\/uploads\/2026\/01\/9-1536x1153.png 1536w, https:\/\/grenzer.org\/wp-content\/uploads\/2026\/01\/9-16x12.png 16w, https:\/\/grenzer.org\/wp-content\/uploads\/2026\/01\/9.png 1761w\" sizes=\"auto, (max-width: 1761px) 100vw, 1761px\" \/><\/figure>\n<\/div>\n<\/div>\n<\/div>\n\n\n\n<div class=\"wp-block-group alignfull is-style-ext-preset--group--natural-1--section has-tertiary-background-color has-background has-global-padding is-layout-constrained wp-block-group-is-layout-constrained\" id=\"ueber-uns\" style=\"margin-top:0;margin-bottom:0;padding-top:var(--wp--preset--spacing--70);padding-bottom:var(--wp--preset--spacing--70)\">\n<div class=\"wp-block-columns alignwide are-vertically-aligned-center is-layout-flex wp-container-core-columns-is-layout-174606dc wp-block-columns-is-layout-flex\">\n<div class=\"wp-block-column is-vertically-aligned-center is-layout-flow wp-block-column-is-layout-flow\">\n<div class=\"wp-block-group alignwide is-vertical is-layout-flex wp-container-core-group-is-layout-c35747d5 wp-block-group-is-layout-flex\">\n<div class=\"wp-block-group has-global-padding is-layout-constrained wp-container-core-group-is-layout-dd32767c wp-block-group-is-layout-constrained\">\n<h2 class=\"wp-block-heading\">Eine Geschichte mit Klinge<\/h2>\n\n\n\n<p>Traditionelles Klingenschmieden ist wenigen vorbehalten, tausende Jahre an Meisterschaftsgeschichte werden weitergeschrieben<\/p>\n<\/div>\n<\/div>\n<\/div>\n\n\n\n<div class=\"wp-block-column is-vertically-aligned-center is-layout-flow wp-block-column-is-layout-flow\">\n<figure class=\"wp-block-image size-large is-style-ext-preset--image--natural-1--image-1--content-left is-style-ext-preset--image--natural-1--image-1--content-left--7\"><img loading=\"lazy\" decoding=\"async\" width=\"1024\" height=\"769\" src=\"https:\/\/grenzer.org\/wp-content\/uploads\/2026\/01\/Bild_1-1024x769.png\" alt=\"\" class=\"wp-image-71\" style=\"aspect-ratio:1;object-fit:cover\" srcset=\"https:\/\/grenzer.org\/wp-content\/uploads\/2026\/01\/Bild_1-1024x769.png 1024w, https:\/\/grenzer.org\/wp-content\/uploads\/2026\/01\/Bild_1-300x225.png 300w, https:\/\/grenzer.org\/wp-content\/uploads\/2026\/01\/Bild_1-768x577.png 768w, https:\/\/grenzer.org\/wp-content\/uploads\/2026\/01\/Bild_1-1536x1153.png 1536w, https:\/\/grenzer.org\/wp-content\/uploads\/2026\/01\/Bild_1-16x12.png 16w, https:\/\/grenzer.org\/wp-content\/uploads\/2026\/01\/Bild_1.png 1761w\" sizes=\"auto, (max-width: 1024px) 100vw, 1024px\" \/><\/figure>\n<\/div>\n<\/div>\n<\/div>\n\n\n\n<div class=\"wp-block-group alignfull is-style-ext-preset--group--natural-1--section has-background-background-color has-background has-global-padding is-layout-constrained wp-container-core-group-is-layout-e955bbaf wp-block-group-is-layout-constrained\" id=\"funktionen\" style=\"margin-top:0;margin-bottom:0;padding-top:var(--wp--preset--spacing--70);padding-bottom:var(--wp--preset--spacing--70)\">\n<div class=\"wp-block-group alignwide is-vertical is-content-justification-center is-layout-flex wp-container-core-group-is-layout-c9ee0c5a wp-block-group-is-layout-flex\">\n<div class=\"wp-block-group has-global-padding is-layout-constrained wp-container-core-group-is-layout-5e05634a wp-block-group-is-layout-constrained\"><\/div>\n<\/div>\n\n\n\n<div class=\"wp-block-columns alignwide is-layout-flex wp-container-core-columns-is-layout-08c01c1c wp-block-columns-is-layout-flex\">\n<div class=\"wp-block-column is-vertically-aligned-stretch is-layout-flow wp-container-core-column-is-layout-f5bb311e wp-block-column-is-layout-flow\">\n<div class=\"wp-block-group is-style-ext-preset--group--natural-1--item-card-1--align-center has-global-padding is-layout-constrained wp-block-group-is-layout-constrained is-style-ext-preset--group--natural-1--item-card-1--align-center--9\">\n<div class=\"wp-block-group is-style-default has-global-padding is-layout-constrained wp-block-group-is-layout-constrained\">\n<figure class=\"wp-block-image aligncenter size-full is-resized ext-aspect-landscape wp-duotone-rgb000-12141d-10\"><img loading=\"lazy\" decoding=\"async\" width=\"256\" height=\"256\" src=\"https:\/\/grenzer.org\/wp-content\/uploads\/2026\/01\/ext-custom-logo-1769014026224.webp\" alt=\"\" class=\"wp-image-6\" style=\"object-fit:cover;width:112px;height:auto\" srcset=\"https:\/\/grenzer.org\/wp-content\/uploads\/2026\/01\/ext-custom-logo-1769014026224.webp 256w, https:\/\/grenzer.org\/wp-content\/uploads\/2026\/01\/ext-custom-logo-1769014026224-150x150.webp 150w\" sizes=\"auto, (max-width: 256px) 100vw, 256px\" \/><\/figure>\n\n\n\n<h3 class=\"wp-block-heading has-text-align-center\">Deutsche Qualit\u00e4t<\/h3>\n\n\n\n<p class=\"has-text-align-center\">Jede Klinge wird mit h\u00f6chster Pr\u00e4zision und Leidenschaft inhouse gefertigt.<\/p>\n<\/div>\n<\/div>\n<\/div>\n\n\n\n<div class=\"wp-block-column is-vertically-aligned-stretch is-layout-flow wp-container-core-column-is-layout-f5bb311e wp-block-column-is-layout-flow\">\n<div class=\"wp-block-group is-style-ext-preset--group--natural-1--item-card-1--align-center has-global-padding is-layout-constrained wp-block-group-is-layout-constrained is-style-ext-preset--group--natural-1--item-card-1--align-center--11\">\n<div class=\"wp-block-group is-style-default has-global-padding is-layout-constrained wp-block-group-is-layout-constrained\">\n<figure class=\"wp-block-image aligncenter size-full is-resized ext-aspect-landscape wp-duotone-rgb24700-12141d-12\"><img loading=\"lazy\" decoding=\"async\" width=\"256\" height=\"256\" src=\"https:\/\/grenzer.org\/wp-content\/uploads\/2026\/01\/ext-custom-logo-1769014026224.webp\" alt=\"\" class=\"wp-image-6\" style=\"object-fit:cover;width:108px;height:auto\" srcset=\"https:\/\/grenzer.org\/wp-content\/uploads\/2026\/01\/ext-custom-logo-1769014026224.webp 256w, https:\/\/grenzer.org\/wp-content\/uploads\/2026\/01\/ext-custom-logo-1769014026224-150x150.webp 150w\" sizes=\"auto, (max-width: 256px) 100vw, 256px\" \/><\/figure>\n\n\n\n<h3 class=\"wp-block-heading has-text-align-center\">Exklusive Designs<\/h3>\n\n\n\n<p class=\"has-text-align-center\">Unsere Klingen verbinden authentische Geschichte mit zeitloser Eleganz.<\/p>\n<\/div>\n<\/div>\n<\/div>\n\n\n\n<div class=\"wp-block-column is-vertically-aligned-stretch is-layout-flow wp-container-core-column-is-layout-f5bb311e wp-block-column-is-layout-flow\">\n<div class=\"wp-block-group is-style-ext-preset--group--natural-1--item-card-1--align-center has-global-padding is-layout-constrained wp-block-group-is-layout-constrained is-style-ext-preset--group--natural-1--item-card-1--align-center--13\">\n<div class=\"wp-block-group is-style-default has-global-padding is-layout-constrained wp-block-group-is-layout-constrained\">\n<figure class=\"wp-block-image aligncenter size-full is-resized ext-aspect-landscape wp-duotone-rgb2552090-12141d-14\"><img loading=\"lazy\" decoding=\"async\" width=\"256\" height=\"256\" src=\"https:\/\/grenzer.org\/wp-content\/uploads\/2026\/01\/ext-custom-logo-1769014026224.webp\" alt=\"\" class=\"wp-image-6\" style=\"object-fit:cover;width:112px;height:auto\" srcset=\"https:\/\/grenzer.org\/wp-content\/uploads\/2026\/01\/ext-custom-logo-1769014026224.webp 256w, https:\/\/grenzer.org\/wp-content\/uploads\/2026\/01\/ext-custom-logo-1769014026224-150x150.webp 150w\" sizes=\"auto, (max-width: 256px) 100vw, 256px\" \/><\/figure>\n\n\n\n<h3 class=\"wp-block-heading has-text-align-center\">Einzigartige Sammlerst\u00fccke<\/h3>\n\n\n\n<p class=\"has-text-align-center\">Unikate, die das Erbe der Klingenschmiedekunst lebendig halten.<\/p>\n<\/div>\n<\/div>\n<\/div>\n<\/div>\n<\/div>\n\n\n\n<div class=\"wp-block-group alignfull is-style-ext-preset--group--natural-1--section has-tertiary-background-color has-background has-global-padding is-layout-constrained wp-container-core-group-is-layout-e955bbaf wp-block-group-is-layout-constrained\" style=\"margin-top:0;margin-bottom:0;padding-top:var(--wp--preset--spacing--70);padding-bottom:var(--wp--preset--spacing--70)\">\n<div class=\"wp-block-group alignwide is-vertical is-layout-flex wp-container-core-group-is-layout-c35747d5 wp-block-group-is-layout-flex\">\n<div class=\"wp-block-group has-global-padding is-layout-constrained wp-container-core-group-is-layout-5e05634a wp-block-group-is-layout-constrained\">\n<h2 class=\"wp-block-heading\">Geh\u00e4rteter Stahl trutzt und beugt sich nicht der Zeit<\/h2>\n<\/div>\n<\/div>\n\n\n\n<div class=\"wp-block-columns alignwide is-layout-flex wp-container-core-columns-is-layout-174606dc wp-block-columns-is-layout-flex\">\n<div class=\"wp-block-column is-vertically-aligned-stretch is-layout-flow wp-container-core-column-is-layout-119bc444 wp-block-column-is-layout-flow\">\n<div class=\"wp-block-cover is-light is-style-ext-preset--image--natural-1--image-1--content-right is-style-ext-preset--image--natural-1--image-1--content-right--16\" style=\"padding-top:0;padding-bottom:0;min-height:100%;aspect-ratio:unset;\"><img loading=\"lazy\" decoding=\"async\" width=\"1024\" height=\"769\" class=\"wp-block-cover__image-background wp-image-72 size-large\" alt=\"\" src=\"https:\/\/grenzer.org\/wp-content\/uploads\/2026\/01\/9-1-1024x769.png\" data-object-fit=\"cover\" srcset=\"https:\/\/grenzer.org\/wp-content\/uploads\/2026\/01\/9-1-1024x769.png 1024w, https:\/\/grenzer.org\/wp-content\/uploads\/2026\/01\/9-1-300x225.png 300w, https:\/\/grenzer.org\/wp-content\/uploads\/2026\/01\/9-1-768x577.png 768w, https:\/\/grenzer.org\/wp-content\/uploads\/2026\/01\/9-1-1536x1153.png 1536w, https:\/\/grenzer.org\/wp-content\/uploads\/2026\/01\/9-1-16x12.png 16w, https:\/\/grenzer.org\/wp-content\/uploads\/2026\/01\/9-1.png 1761w\" sizes=\"auto, (max-width: 1024px) 100vw, 1024px\" \/><span aria-hidden=\"true\" class=\"wp-block-cover__background has-background-dim-0 has-background-dim\" style=\"background-color:#d8ab87\"><\/span><div class=\"wp-block-cover__inner-container is-layout-flow wp-block-cover-is-layout-flow\">\n<div style=\"height:240px\" aria-hidden=\"true\" class=\"wp-block-spacer\"><\/div>\n<\/div><\/div>\n<\/div>\n\n\n\n<div class=\"wp-block-column is-vertically-aligned-center is-layout-flow wp-block-column-is-layout-flow\">\n<div class=\"wp-block-group is-style-ext-preset--group--natural-1--item-card-1--align-start has-global-padding is-layout-constrained wp-block-group-is-layout-constrained is-style-ext-preset--group--natural-1--item-card-1--align-start--17\"><\/div>\n\n\n\n<div class=\"wp-block-group is-style-ext-preset--group--natural-1--item-card-1--align-start has-global-padding is-layout-constrained wp-block-group-is-layout-constrained is-style-ext-preset--group--natural-1--item-card-1--align-start--18\"><\/div>\n\n\n\n<figure class=\"wp-block-image size-large is-resized\"><img loading=\"lazy\" decoding=\"async\" width=\"566\" height=\"1024\" src=\"https:\/\/grenzer.org\/wp-content\/uploads\/2026\/01\/Logo-e1769016343754-566x1024.jpg\" alt=\"\" class=\"wp-image-84\" style=\"aspect-ratio:0.5527452190006169;width:122px;height:auto\" srcset=\"https:\/\/grenzer.org\/wp-content\/uploads\/2026\/01\/Logo-e1769016343754-566x1024.jpg 566w, https:\/\/grenzer.org\/wp-content\/uploads\/2026\/01\/Logo-e1769016343754-166x300.jpg 166w, https:\/\/grenzer.org\/wp-content\/uploads\/2026\/01\/Logo-e1769016343754-7x12.jpg 7w, https:\/\/grenzer.org\/wp-content\/uploads\/2026\/01\/Logo-e1769016343754.jpg 722w\" sizes=\"auto, (max-width: 566px) 100vw, 566px\" \/><\/figure>\n<\/div>\n<\/div>\n<\/div>\n\n\n\n<div class=\"wp-block-group alignfull is-style-ext-preset--group--natural-1--section has-tertiary-background-color has-background has-global-padding is-layout-constrained wp-block-group-is-layout-constrained\" id=\"kontakt\" style=\"margin-top:0;margin-bottom:0;padding-top:var(--wp--preset--spacing--70);padding-bottom:var(--wp--preset--spacing--70)\">\n<div class=\"wp-block-media-text alignwide has-media-on-the-right is-stacked-on-mobile is-image-fill-element is-style-ext-preset--media-text--natural-1--card-1 has-background-background-color has-background is-style-ext-preset--media-text--natural-1--card-1--20\" style=\"grid-template-columns:auto 48%\"><div class=\"wp-block-media-text__content\">\n<div class=\"wp-block-group alignwide has-global-padding is-layout-constrained wp-container-core-group-is-layout-48493932 wp-block-group-is-layout-constrained\" style=\"padding-top:var(--wp--preset--spacing--55);padding-right:var(--wp--preset--spacing--55);padding-bottom:var(--wp--preset--spacing--55);padding-left:var(--wp--preset--spacing--55)\">\n<div class=\"wp-block-contact-form-7-contact-form-selector\">\n<div class=\"wpcf7 no-js\" id=\"wpcf7-f15-o1\" lang=\"de-DE\" dir=\"ltr\" data-wpcf7-id=\"15\">\n<div class=\"screen-reader-response\"><p role=\"status\" aria-live=\"polite\" aria-atomic=\"true\"><\/p> <ul><\/ul><\/div>\n<form action=\"\/en\/wp-json\/wp\/v2\/pages\/20#wpcf7-f15-o1\" method=\"post\" class=\"wpcf7-form init\" aria-label=\"Kontaktformular\" novalidate=\"novalidate\" data-status=\"init\" data-trp-original-action=\"\/en\/wp-json\/wp\/v2\/pages\/20#wpcf7-f15-o1\">\n<fieldset class=\"hidden-fields-container\"><input type=\"hidden\" name=\"_wpcf7\" value=\"15\" \/><input type=\"hidden\" name=\"_wpcf7_version\" value=\"6.1.5\" \/><input type=\"hidden\" name=\"_wpcf7_locale\" value=\"de_DE\" \/><input type=\"hidden\" name=\"_wpcf7_unit_tag\" value=\"wpcf7-f15-o1\" \/><input type=\"hidden\" name=\"_wpcf7_container_post\" value=\"0\" \/><input type=\"hidden\" name=\"_wpcf7_posted_data_hash\" value=\"\" \/>\n<\/fieldset>\n<p><label> Dein Name<br \/>\n<span class=\"wpcf7-form-control-wrap\" data-name=\"your-name\"><input size=\"40\" maxlength=\"400\" class=\"wpcf7-form-control wpcf7-text wpcf7-validates-as-required\" autocomplete=\"name\" aria-required=\"true\" aria-invalid=\"false\" value=\"\" type=\"text\" name=\"your-name\" \/><\/span> <\/label>\n<\/p>\n<p><label> Deine E-Mail-Adresse<br \/>\n<span class=\"wpcf7-form-control-wrap\" data-name=\"your-email\"><input size=\"40\" maxlength=\"400\" class=\"wpcf7-form-control wpcf7-email wpcf7-validates-as-required wpcf7-text wpcf7-validates-as-email\" autocomplete=\"email\" aria-required=\"true\" aria-invalid=\"false\" value=\"\" type=\"email\" name=\"your-email\" \/><\/span> <\/label>\n<\/p>\n<p><label> Betreff<br \/>\n<span class=\"wpcf7-form-control-wrap\" data-name=\"your-subject\"><input size=\"40\" maxlength=\"400\" class=\"wpcf7-form-control wpcf7-text wpcf7-validates-as-required\" aria-required=\"true\" aria-invalid=\"false\" value=\"\" type=\"text\" name=\"your-subject\" \/><\/span> <\/label>\n<\/p>\n<p><label> Deine Nachricht (optional)<br \/>\n<span class=\"wpcf7-form-control-wrap\" data-name=\"your-message\"><textarea cols=\"40\" rows=\"10\" maxlength=\"2000\" class=\"wpcf7-form-control wpcf7-textarea\" aria-invalid=\"false\" name=\"your-message\"><\/textarea><\/span> <\/label>\n<\/p>\n<p><input class=\"wpcf7-form-control wpcf7-submit has-spinner\" type=\"submit\" value=\"Senden\" \/>\n<\/p><div class=\"wpcf7-response-output\" aria-hidden=\"true\"><\/div>\n<input type=\"hidden\" name=\"trp-form-language\" value=\"en\"\/><\/form>\n<\/div>\n<\/div>\n<\/div>\n<\/div><figure class=\"wp-block-media-text__media\"><img loading=\"lazy\" decoding=\"async\" width=\"1024\" height=\"683\" src=\"https:\/\/grenzer.org\/wp-content\/uploads\/2026\/01\/Gravur-2-1024x683.png\" alt=\"\" class=\"wp-image-58 size-full\" style=\"object-position:50% 50%\" srcset=\"https:\/\/grenzer.org\/wp-content\/uploads\/2026\/01\/Gravur-2-1024x683.png 1024w, https:\/\/grenzer.org\/wp-content\/uploads\/2026\/01\/Gravur-2-300x200.png 300w, https:\/\/grenzer.org\/wp-content\/uploads\/2026\/01\/Gravur-2-768x512.png 768w, https:\/\/grenzer.org\/wp-content\/uploads\/2026\/01\/Gravur-2-1536x1024.png 1536w, https:\/\/grenzer.org\/wp-content\/uploads\/2026\/01\/Gravur-2-2048x1365.png 2048w, https:\/\/grenzer.org\/wp-content\/uploads\/2026\/01\/Gravur-2-18x12.png 18w\" sizes=\"auto, (max-width: 1024px) 100vw, 1024px\" \/><\/figure><\/div>\n<\/div>","protected":false},"excerpt":{"rendered":"<p>Einzigartige Kunstwerke aus Stahl Grenzer vereint Tradition und Vision in einzigartiger Handwerkskunst. Eine Geschichte mit Klinge Traditionelles Klingenschmieden ist wenigen vorbehalten, tausende Jahre an Meisterschaftsgeschichte werden weitergeschrieben Deutsche Qualit\u00e4t Jede Klinge wird mit h\u00f6chster Pr\u00e4zision und Leidenschaft inhouse gefertigt. Exklusive Designs Unsere Klingen verbinden authentische Geschichte mit zeitloser Eleganz. Einzigartige Sammlerst\u00fccke Unikate, die das Erbe [&hellip;]<\/p>\n","protected":false},"author":1,"featured_media":0,"parent":0,"menu_order":0,"comment_status":"closed","ping_status":"closed","template":"no-title","meta":{"footnotes":""},"class_list":["post-20","page","type-page","status-publish","hentry"],"_links":{"self":[{"href":"https:\/\/grenzer.org\/en\/wp-json\/wp\/v2\/pages\/20","targetHints":{"allow":["GET"]}}],"collection":[{"href":"https:\/\/grenzer.org\/en\/wp-json\/wp\/v2\/pages"}],"about":[{"href":"https:\/\/grenzer.org\/en\/wp-json\/wp\/v2\/types\/page"}],"author":[{"embeddable":true,"href":"https:\/\/grenzer.org\/en\/wp-json\/wp\/v2\/users\/1"}],"replies":[{"embeddable":true,"href":"https:\/\/grenzer.org\/en\/wp-json\/wp\/v2\/comments?post=20"}],"version-history":[{"count":88,"href":"https:\/\/grenzer.org\/en\/wp-json\/wp\/v2\/pages\/20\/revisions"}],"predecessor-version":[{"id":373,"href":"https:\/\/grenzer.org\/en\/wp-json\/wp\/v2\/pages\/20\/revisions\/373"}],"wp:attachment":[{"href":"https:\/\/grenzer.org\/en\/wp-json\/wp\/v2\/media?parent=20"}],"curies":[{"name":"wp","href":"https:\/\/api.w.org\/{rel}","templated":true}]}}