{"id":23,"date":"2026-01-21T16:47:27","date_gmt":"2026-01-21T16:47:27","guid":{"rendered":"https:\/\/grenzer.org\/impressum\/"},"modified":"2026-01-24T14:59:03","modified_gmt":"2026-01-24T14:59:03","slug":"impressum","status":"publish","type":"page","link":"https:\/\/grenzer.org\/en\/impressum\/","title":{"rendered":"Impressum"},"content":{"rendered":"<div class=\"wp-block-group alignfull is-style-ext-preset--group--natural-1--section has-background-background-color has-background has-global-padding is-layout-constrained wp-container-core-group-is-layout-6150fac0 wp-block-group-is-layout-constrained\" style=\"margin-top:0;margin-bottom:0;padding-top:var(--wp--preset--spacing--70);padding-bottom:var(--wp--preset--spacing--70)\">\n<p><strong>Wichtiger Hinweis: Diese Impressum-Vorlage wurde mit gr\u00f6\u00dfter Sorgfalt erstellt. Dennoch \u00fcbernehmen wir keine Gew\u00e4hr f\u00fcr die Vollst\u00e4ndigkeit und Richtigkeit der Inhalte sowie f\u00fcr deren Rechtssicherheit. Es liegt in der Verantwortung des Nutzers, die Vorlage eigenst\u00e4ndig an die jeweils geltenden gesetzlichen Bestimmungen anzupassen und auf ihre Aktualit\u00e4t zu pr\u00fcfen. Eine Haftung f\u00fcr Sch\u00e4den, die direkt oder indirekt aus der Nutzung dieser Vorlage entstehen, wird ausgeschlossen.<\/strong> <br><br> Gesetzliche Anbieterkennung:<br><\/p>\n\n\n\n<p>Michael Z\u00f6llner<br>Grenzer<br>Rothenbachstra\u00dfe 30<br>57290 Neunkirchen<br>Deutschland<br><\/p>\n\n\n\n<p>Telefon: 01705505018<br>E-Mail: m.z.nk@t-online.de<br><\/p>\n\n\n\n<p>zust\u00e4ndige Aufsichtsbeh\u00f6rde:<br>Handwerkskammer S\u00fcdwestfalen<br>Br\u00fcckenplatz 1<br>59821 Arnsberg<br>Deutschland<\/p>\n\n\n\n<p><br> <br> Umsatzsteuer-ID gem\u00e4\u00df \u00a7 27a UStG: ((DE326843089))<br><br> <strong>Letzte Aktualisierung:<\/strong><br> ((24.01.2026))<\/p>\n<\/div>","protected":false},"excerpt":{"rendered":"<p>Wichtiger Hinweis: Diese Impressum-Vorlage wurde mit gr\u00f6\u00dfter Sorgfalt erstellt. Dennoch \u00fcbernehmen wir keine Gew\u00e4hr f\u00fcr die Vollst\u00e4ndigkeit und Richtigkeit der Inhalte sowie f\u00fcr deren Rechtssicherheit. Es liegt in der Verantwortung des Nutzers, die Vorlage eigenst\u00e4ndig an die jeweils geltenden gesetzlichen Bestimmungen anzupassen und auf ihre Aktualit\u00e4t zu pr\u00fcfen. Eine Haftung f\u00fcr Sch\u00e4den, die direkt oder [&hellip;]<\/p>\n","protected":false},"author":1,"featured_media":0,"parent":0,"menu_order":0,"comment_status":"closed","ping_status":"closed","template":"page-with-title","meta":{"footnotes":""},"class_list":["post-23","page","type-page","status-publish","hentry"],"_links":{"self":[{"href":"https:\/\/grenzer.org\/en\/wp-json\/wp\/v2\/pages\/23","targetHints":{"allow":["GET"]}}],"collection":[{"href":"https:\/\/grenzer.org\/en\/wp-json\/wp\/v2\/pages"}],"about":[{"href":"https:\/\/grenzer.org\/en\/wp-json\/wp\/v2\/types\/page"}],"author":[{"embeddable":true,"href":"https:\/\/grenzer.org\/en\/wp-json\/wp\/v2\/users\/1"}],"replies":[{"embeddable":true,"href":"https:\/\/grenzer.org\/en\/wp-json\/wp\/v2\/comments?post=23"}],"version-history":[{"count":8,"href":"https:\/\/grenzer.org\/en\/wp-json\/wp\/v2\/pages\/23\/revisions"}],"predecessor-version":[{"id":384,"href":"https:\/\/grenzer.org\/en\/wp-json\/wp\/v2\/pages\/23\/revisions\/384"}],"wp:attachment":[{"href":"https:\/\/grenzer.org\/en\/wp-json\/wp\/v2\/media?parent=23"}],"curies":[{"name":"wp","href":"https:\/\/api.w.org\/{rel}","templated":true}]}}