{"id":397,"date":"2026-01-24T15:54:56","date_gmt":"2026-01-24T15:54:56","guid":{"rendered":"https:\/\/grenzer.org\/?page_id=397"},"modified":"2026-01-24T16:21:34","modified_gmt":"2026-01-24T16:21:34","slug":"wig-reparaturschweissen-24-7","status":"publish","type":"page","link":"https:\/\/grenzer.org\/en\/wig-reparaturschweissen-24-7\/","title":{"rendered":"WIG-Reparaturschwei\u00dfen 24\/7"},"content":{"rendered":"<div class=\"wp-block-group alignfull is-style-ext-preset--group--natural-1--section has-background-background-color has-background has-global-padding is-layout-constrained wp-container-core-group-is-layout-e955bbaf wp-block-group-is-layout-constrained\" style=\"margin-top:0;margin-bottom:0;padding-top:var(--wp--preset--spacing--70);padding-bottom:var(--wp--preset--spacing--70)\">\n<div class=\"wp-block-group alignwide is-vertical is-layout-flex wp-container-core-group-is-layout-c35747d5 wp-block-group-is-layout-flex\">\n<div class=\"wp-block-group has-global-padding is-layout-constrained wp-container-core-group-is-layout-5e05634a wp-block-group-is-layout-constrained\">\n<h2 class=\"wp-block-heading\">Unsere Expertise im WIG-Reparaturschwei\u00dfen <\/h2>\n\n\n\n<p class=\"has-text-align-left\">Sie haben einen Werkzeugschaden und ben\u00f6tigen sofortige Unterst\u00fctzung 24\/7 bei der Reparatur oder generelle Projektunterst\u00fctzung im Formenbau?        Michael Z\u00f6llner, mobil Tel. +49 170 5505018 <\/p>\n<\/div>\n<\/div>\n\n\n\n<div class=\"wp-block-columns alignwide is-layout-flex wp-container-core-columns-is-layout-174606dc wp-block-columns-is-layout-flex\">\n<div class=\"wp-block-column is-vertically-aligned-stretch is-layout-flow wp-container-core-column-is-layout-119bc444 wp-block-column-is-layout-flow\">\n<div class=\"wp-block-cover is-style-ext-preset--image--natural-1--image-1--content-right is-style-ext-preset--image--natural-1--image-1--content-right--2\" style=\"padding-top:0;padding-bottom:0;min-height:100%;aspect-ratio:unset;\"><img loading=\"lazy\" decoding=\"async\" width=\"768\" height=\"1024\" class=\"wp-block-cover__image-background wp-image-401 size-large\" alt=\"\" src=\"https:\/\/grenzer.org\/wp-content\/uploads\/2026\/01\/20250530_082700-768x1024.jpg\" data-object-fit=\"cover\" srcset=\"https:\/\/grenzer.org\/wp-content\/uploads\/2026\/01\/20250530_082700-768x1024.jpg 768w, https:\/\/grenzer.org\/wp-content\/uploads\/2026\/01\/20250530_082700-225x300.jpg 225w, https:\/\/grenzer.org\/wp-content\/uploads\/2026\/01\/20250530_082700-1152x1536.jpg 1152w, https:\/\/grenzer.org\/wp-content\/uploads\/2026\/01\/20250530_082700-1536x2048.jpg 1536w, https:\/\/grenzer.org\/wp-content\/uploads\/2026\/01\/20250530_082700-9x12.jpg 9w, https:\/\/grenzer.org\/wp-content\/uploads\/2026\/01\/20250530_082700-scaled.jpg 1920w\" sizes=\"auto, (max-width: 768px) 100vw, 768px\" \/><span aria-hidden=\"true\" class=\"wp-block-cover__background has-background-dim-0 has-background-dim\" style=\"background-color:#7b6a5d\"><\/span><div class=\"wp-block-cover__inner-container is-layout-flow wp-block-cover-is-layout-flow\">\n<div style=\"height:240px\" aria-hidden=\"true\" class=\"wp-block-spacer\"><\/div>\n<\/div><\/div>\n<\/div>\n\n\n\n<div class=\"wp-block-column is-vertically-aligned-center is-layout-flow wp-block-column-is-layout-flow\">\n<div class=\"wp-block-group is-style-ext-preset--group--natural-1--item-card-1--align-start has-global-padding is-layout-constrained wp-block-group-is-layout-constrained is-style-ext-preset--group--natural-1--item-card-1--align-start--3\">\n<div class=\"wp-block-group is-style-default has-global-padding is-layout-constrained wp-block-group-is-layout-constrained\">\n<div class=\"wp-block-group is-nowrap is-layout-flex wp-container-core-group-is-layout-64fa2afa wp-block-group-is-layout-flex\" style=\"padding-top:0;padding-right:0;padding-bottom:0;padding-left:0\">\n<figure class=\"wp-block-image size-large ext-aspect-landscape wp-duotone-primary-foreground\"><img decoding=\"async\" src=\"data:image\/svg+xml;base64,PHN2ZyB4bWxucz0iaHR0cDovL3d3dy53My5vcmcvMjAwMC9zdmciIHdpZHRoPSI0OCIgaGVpZ2h0PSI0OCIgZmlsbD0iIzAwMDAwMCIgdmlld0JveD0iMCAwIDI1NiAyNTYiPjxwYXRoIGQ9Ik0xNzIsNzZhNDQsNDQsMCwxLDAtNDQsNDRBNDQuMDUsNDQuMDUsMCwwLDAsMTcyLDc2Wm0tNDQsMjhhMjgsMjgsMCwxLDEsMjgtMjhBMjgsMjgsMCwwLDEsMTI4LDEwNFptNjAsMjRhNDQsNDQsMCwxLDAsNDQsNDRBNDQuMDUsNDQuMDUsMCwwLDAsMTg4LDEyOFptMCw3MmEyOCwyOCwwLDEsMSwyOC0yOEEyOCwyOCwwLDAsMSwxODgsMjAwWk02OCwxMjhhNDQsNDQsMCwxLDAsNDQsNDRBNDQuMDUsNDQuMDUsMCwwLDAsNjgsMTI4Wm0wLDcyYTI4LDI4LDAsMSwxLDI4LTI4QTI4LDI4LDAsMCwxLDY4LDIwMFoiPjwvcGF0aD48L3N2Zz4=\" alt=\"\" style=\"object-fit:cover\"\/><\/figure>\n\n\n\n<div class=\"wp-block-group wp-container-content-958eb9dc has-global-padding is-layout-constrained wp-container-core-group-is-layout-c06d165c wp-block-group-is-layout-constrained\" style=\"padding-top:0;padding-right:0;padding-bottom:0;padding-left:0\">\n<h3 class=\"wp-block-heading\">Reparaturschwei\u00dfen<\/h3>\n\n\n\n<p>Schnelle mobile und pr\u00e4zise WIG-Schwei\u00dfreparaturen f\u00fcr Ihre Sonderwerkzeuge und Formen, an allen \u00fcblichen Stahllegierungen. <\/p>\n<\/div>\n<\/div>\n<\/div>\n<\/div>\n\n\n\n<div class=\"wp-block-group is-style-ext-preset--group--natural-1--item-card-1--align-start has-global-padding is-layout-constrained wp-block-group-is-layout-constrained is-style-ext-preset--group--natural-1--item-card-1--align-start--4\">\n<div class=\"wp-block-group is-style-default has-global-padding is-layout-constrained wp-block-group-is-layout-constrained\">\n<div class=\"wp-block-group is-nowrap is-layout-flex wp-container-core-group-is-layout-64fa2afa wp-block-group-is-layout-flex\" style=\"padding-top:0;padding-right:0;padding-bottom:0;padding-left:0\">\n<figure class=\"wp-block-image size-large ext-aspect-landscape wp-duotone-primary-foreground\"><img decoding=\"async\" src=\"data:image\/svg+xml;base64,PHN2ZyB4bWxucz0iaHR0cDovL3d3dy53My5vcmcvMjAwMC9zdmciIHdpZHRoPSI0OCIgaGVpZ2h0PSI0OCIgZmlsbD0iIzAwMDAwMCIgdmlld0JveD0iMCAwIDI1NiAyNTYiPjxwYXRoIGQ9Ik04MCw0MGE0MCw0MCwwLDEsMCw0MCw0MEE0MCw0MCwwLDAsMCw4MCw0MFptMCw2NGEyNCwyNCwwLDEsMSwyNC0yNEEyNCwyNCwwLDAsMSw4MCwxMDRabTk2LDE2YTQwLDQwLDAsMSwwLTQwLTQwQTQwLDQwLDAsMCwwLDE3NiwxMjBabTAtNjRhMjQsMjQsMCwxLDEtMjQsMjRBMjQsMjQsMCwwLDEsMTc2LDU2Wk04MCwxMzZhNDAsNDAsMCwxLDAsNDAsNDBBNDAsNDAsMCwwLDAsODAsMTM2Wm0wLDY0YTI0LDI0LDAsMSwxLDI0LTI0QTI0LDI0LDAsMCwxLDgwLDIwMFptOTYtNjRhNDAsNDAsMCwxLDAsNDAsNDBBNDAsNDAsMCwwLDAsMTc2LDEzNlptMCw2NGEyNCwyNCwwLDEsMSwyNC0yNEEyNCwyNCwwLDAsMSwxNzYsMjAwWiI+PC9wYXRoPjwvc3ZnPg==\" alt=\"\" style=\"object-fit:cover\"\/><\/figure>\n\n\n\n<div class=\"wp-block-group wp-container-content-958eb9dc has-global-padding is-layout-constrained wp-container-core-group-is-layout-c06d165c wp-block-group-is-layout-constrained\" style=\"padding-top:0;padding-right:0;padding-bottom:0;padding-left:0\">\n<h3 class=\"wp-block-heading\">Nacharbeit<\/h3>\n\n\n\n<p>H\u00e4ndische Nacharbeit von Schwei\u00dfstellen auch im Zusammenbau der Werkzeuge bis zur Hochglanzpolitur<\/p>\n<\/div>\n<\/div>\n<\/div>\n<\/div>\n\n\n\n<div class=\"wp-block-group is-style-ext-preset--group--natural-1--item-card-1--align-start has-global-padding is-layout-constrained wp-block-group-is-layout-constrained is-style-ext-preset--group--natural-1--item-card-1--align-start--5\">\n<div class=\"wp-block-group is-style-default has-global-padding is-layout-constrained wp-block-group-is-layout-constrained\">\n<div class=\"wp-block-group is-nowrap is-layout-flex wp-container-core-group-is-layout-64fa2afa wp-block-group-is-layout-flex\" style=\"padding-top:0;padding-right:0;padding-bottom:0;padding-left:0\">\n<figure class=\"wp-block-image size-large ext-aspect-landscape wp-duotone-primary-foreground\"><img decoding=\"async\" src=\"data:image\/svg+xml;base64,PHN2ZyB4bWxucz0iaHR0cDovL3d3dy53My5vcmcvMjAwMC9zdmciIHdpZHRoPSI0OCIgaGVpZ2h0PSI0OCIgZmlsbD0iIzAwMDAwMCIgdmlld0JveD0iMCAwIDI1NiAyNTYiPjxwYXRoIGQ9Ik04MCw0MGE0MCw0MCwwLDEsMCw0MCw0MEE0MCw0MCwwLDAsMCw4MCw0MFptMCw2NGEyNCwyNCwwLDEsMSwyNC0yNEEyNCwyNCwwLDAsMSw4MCwxMDRabTk2LDE2YTQwLDQwLDAsMSwwLTQwLTQwQTQwLDQwLDAsMCwwLDE3NiwxMjBabTAtNjRhMjQsMjQsMCwxLDEtMjQsMjRBMjQsMjQsMCwwLDEsMTc2LDU2Wk04MCwxMzZhNDAsNDAsMCwxLDAsNDAsNDBBNDAsNDAsMCwwLDAsODAsMTM2Wm0wLDY0YTI0LDI0LDAsMSwxLDI0LTI0QTI0LDI0LDAsMCwxLDgwLDIwMFptMTM2LTI0YTgsOCwwLDAsMS04LDhIMTg0djI0YTgsOCwwLDAsMS0xNiwwVjE4NEgxNDRhOCw4LDAsMCwxLDAtMTZoMjRWMTQ0YTgsOCwwLDAsMSwxNiwwdjI0aDI0QTgsOCwwLDAsMSwyMTYsMTc2WiI+PC9wYXRoPjwvc3ZnPg==\" alt=\"\" style=\"object-fit:cover\"\/><\/figure>\n\n\n\n<div class=\"wp-block-group wp-container-content-958eb9dc has-global-padding is-layout-constrained wp-container-core-group-is-layout-c06d165c wp-block-group-is-layout-constrained\" style=\"padding-top:0;padding-right:0;padding-bottom:0;padding-left:0\">\n<h3 class=\"wp-block-heading\">Montage\/ Network<\/h3>\n\n\n\n<p>Unterst\u00fctzung bei Montage oder Demontage, Projektunterst\u00fctzung mit viel Erfahrung. Profitieren Sie von unserem Netzwerk an Subunternehmen, die zu Ihrer Unterst\u00fctzung mobilisiert werden k\u00f6nnen. <\/p>\n<\/div>\n<\/div>\n<\/div>\n<\/div>\n<\/div>\n<\/div>\n<\/div>\n\n\n\n<div class=\"wp-block-group alignfull is-style-ext-preset--group--natural-1--section has-tertiary-background-color has-background has-global-padding is-layout-constrained wp-container-core-group-is-layout-e955bbaf wp-block-group-is-layout-constrained\" style=\"margin-top:0;margin-bottom:0;padding-top:var(--wp--preset--spacing--70);padding-bottom:var(--wp--preset--spacing--70)\">\n<div class=\"wp-block-group alignwide is-vertical is-content-justification-center is-layout-flex wp-container-core-group-is-layout-c9ee0c5a wp-block-group-is-layout-flex\">\n<div class=\"wp-block-group has-global-padding is-layout-constrained wp-container-core-group-is-layout-5e05634a wp-block-group-is-layout-constrained\">\n<h2 class=\"wp-block-heading has-text-align-center\">Unser Reparaturschwei\u00dfen &#8211; So l\u00e4uft&#8217;s ab<\/h2>\n\n\n\n<p class=\"has-text-align-center\">Erfahren Sie in einfachen Schritten, wie Sie Ihr von unserem schnellen Service profitieren.<\/p>\n<\/div>\n<\/div>\n\n\n\n<div class=\"wp-block-columns alignwide is-layout-flex wp-container-core-columns-is-layout-08c01c1c wp-block-columns-is-layout-flex\">\n<div class=\"wp-block-column is-vertically-aligned-stretch is-layout-flow wp-container-core-column-is-layout-f5bb311e wp-block-column-is-layout-flow\">\n<div class=\"wp-block-group is-style-ext-preset--group--natural-1--item-card-1--align-center has-global-padding is-layout-constrained wp-block-group-is-layout-constrained is-style-ext-preset--group--natural-1--item-card-1--align-center--7\">\n<div class=\"wp-block-group is-style-default has-global-padding is-layout-constrained wp-block-group-is-layout-constrained\">\n<figure class=\"wp-block-image aligncenter size-large ext-aspect-landscape wp-duotone-primary-foreground\"><img decoding=\"async\" src=\"data:image\/svg+xml;base64,PHN2ZyB4bWxucz0iaHR0cDovL3d3dy53My5vcmcvMjAwMC9zdmciIHdpZHRoPSI0OCIgaGVpZ2h0PSI0OCIgZmlsbD0iIzAwMDAwMCIgdmlld0JveD0iMCAwIDI1NiAyNTYiPjxwYXRoIGQ9Ik0xMjgsMjRBMTA0LDEwNCwwLDEsMCwyMzIsMTI4LDEwNC4xMSwxMDQuMTEsMCwwLDAsMTI4LDI0Wm0wLDE5MmE4OCw4OCwwLDEsMSw4OC04OEE4OC4xLDg4LjEsMCwwLDEsMTI4LDIxNlpNMTQwLDgwdjk2YTgsOCwwLDAsMS0xNiwwVjk1bC0xMS41Niw3LjcxYTgsOCwwLDEsMS04Ljg4LTEzLjMybDI0LTE2QTgsOCwwLDAsMSwxNDAsODBaIj48L3BhdGg+PC9zdmc+\" alt=\"\" style=\"object-fit:cover\"\/><\/figure>\n\n\n\n<h3 class=\"wp-block-heading has-text-align-center\">Schritt 1: Analyse &amp; Beratung<\/h3>\n\n\n\n<p class=\"has-text-align-center\">Schnell und unverbindlich treten Sie telefonisch mit uns in Kontakt. <strong>24\/7<\/strong><\/p>\n\n\n\n<p><strong>Mobil Tel. +49 170 5505018 <\/strong><\/p>\n\n\n\n<p><strong>Michael Z\u00f6llner<\/strong>, Werkzeugmechaniker Formentechnik, 10+ Jahre Erfahrung im Thermoplast Spritzguss, WIG, CAD, CAM, Politur, Gravur, Handarbeit<\/p>\n\n\n\n<p><\/p>\n<\/div>\n<\/div>\n<\/div>\n\n\n\n<div class=\"wp-block-column is-vertically-aligned-stretch is-layout-flow wp-container-core-column-is-layout-f5bb311e wp-block-column-is-layout-flow\">\n<div class=\"wp-block-group is-style-ext-preset--group--natural-1--item-card-1--align-center has-global-padding is-layout-constrained wp-block-group-is-layout-constrained is-style-ext-preset--group--natural-1--item-card-1--align-center--8\">\n<div class=\"wp-block-group is-style-default has-global-padding is-layout-constrained wp-block-group-is-layout-constrained\">\n<figure class=\"wp-block-image aligncenter size-large ext-aspect-landscape wp-duotone-primary-foreground\"><img decoding=\"async\" src=\"data:image\/svg+xml;base64,PHN2ZyB4bWxucz0iaHR0cDovL3d3dy53My5vcmcvMjAwMC9zdmciIHdpZHRoPSI0OCIgaGVpZ2h0PSI0OCIgZmlsbD0iIzAwMDAwMCIgdmlld0JveD0iMCAwIDI1NiAyNTYiPjxwYXRoIGQ9Ik0xMjgsMjRBMTA0LDEwNCwwLDEsMCwyMzIsMTI4LDEwNC4xMSwxMDQuMTEsMCwwLDAsMTI4LDI0Wm0wLDE5MmE4OCw4OCwwLDEsMSw4OC04OEE4OC4xLDg4LjEsMCwwLDEsMTI4LDIxNlptMjUuNTYtOTIuNzRMMTIwLDE2OGgzMmE4LDgsMCwwLDEsMCwxNkgxMDRhOCw4LDAsMCwxLTYuNC0xMi44bDQzLjE3LTU3LjU2YTE2LDE2LDAsMSwwLTI3Ljg2LTE1LDgsOCwwLDAsMS0xNS4wOS01LjM0LDMyLDMyLDAsMSwxLDU1Ljc0LDI5LjkzWiI+PC9wYXRoPjwvc3ZnPg==\" alt=\"\" style=\"object-fit:cover\"\/><\/figure>\n\n\n\n<h3 class=\"wp-block-heading has-text-align-center\">Schritt 2: Reparaturschwei\u00dfen<\/h3>\n\n\n\n<p class=\"has-text-align-center\">Schnellstm\u00f6glich ist Schwei\u00dfger\u00e4t und Schwei\u00dfer vor Ort bereit,<\/p>\n\n\n\n<p>Manuelle Nacharbeit ist bei realisierbaren Schwei\u00dfstellen und Geometrien direkt m\u00f6glich<\/p>\n<\/div>\n<\/div>\n<\/div>\n\n\n\n<div class=\"wp-block-column is-vertically-aligned-stretch is-layout-flow wp-container-core-column-is-layout-f5bb311e wp-block-column-is-layout-flow\">\n<div class=\"wp-block-group is-style-ext-preset--group--natural-1--item-card-1--align-center has-global-padding is-layout-constrained wp-block-group-is-layout-constrained is-style-ext-preset--group--natural-1--item-card-1--align-center--9\">\n<div class=\"wp-block-group is-style-default has-global-padding is-layout-constrained wp-block-group-is-layout-constrained\">\n<figure class=\"wp-block-image aligncenter size-large ext-aspect-landscape wp-duotone-primary-foreground\"><img decoding=\"async\" src=\"data:image\/svg+xml;base64,PHN2ZyB4bWxucz0iaHR0cDovL3d3dy53My5vcmcvMjAwMC9zdmciIHdpZHRoPSI0OCIgaGVpZ2h0PSI0OCIgZmlsbD0iIzAwMDAwMCIgdmlld0JveD0iMCAwIDI1NiAyNTYiPjxwYXRoIGQ9Ik0xMjgsMjRBMTA0LDEwNCwwLDEsMCwyMzIsMTI4LDEwNC4xMSwxMDQuMTEsMCwwLDAsMTI4LDI0Wm0wLDE5MmE4OCw4OCwwLDEsMSw4OC04OEE4OC4xLDg4LjEsMCwwLDEsMTI4LDIxNlptMzItNjRhMzYsMzYsMCwwLDEtNjEuNzEsMjUuMTlBOCw4LDAsMSwxLDEwOS43MSwxNjYsMjAsMjAsMCwxLDAsMTI0LDEzMmE4LDgsMCwwLDEtNi41NS0xMi41OUwxMzYuNjMsOTJIMTA0YTgsOCwwLDAsMSwwLTE2aDQ4YTgsOCwwLDAsMSw2LjU1LDEyLjU5bC0yMSwzMEEzNi4wNywzNi4wNywwLDAsMSwxNjAsMTUyWiI+PC9wYXRoPjwvc3ZnPg==\" alt=\"\" style=\"object-fit:cover\"\/><\/figure>\n\n\n\n<h3 class=\"wp-block-heading has-text-align-center\">Montage\/ Qualit\u00e4tskontrolle<\/h3>\n\n\n\n<p class=\"has-text-align-center\">Wir unterst\u00fctzen anschlie\u00dfende Montagearbeiten und bleiben bis Sie wieder online sind. <\/p>\n<\/div>\n<\/div>\n<\/div>\n<\/div>\n\n\n\n<p><strong>Bevor wir in Aktion treten muss diese Schadensverzichtserkl\u00e4rung abgeschlossen sein.<\/strong><\/p>\n\n\n\n<p>VERZICHTSERKL\u00c4RUNG AUF SCHADENSERSATZFORDERUNGEN<br>Ort:<br>Verzichtender:<br>Name:<br>Datum:<br>Anschrift:<br>Beg\u00fcnstigter:<br>Name:<br>Anschrift:<br>Bezug zum Schaden:<br>Beschreibung:<br>\u00a7 1 \u2013 Verzicht auf Schadensersatzforderungen<br>Der Verzichtende erkl\u00e4rt hiermit ausdr\u00fccklich, dass er s\u00e4mtliche gegen den Beg\u00fcnstigten bestehenden oder<br>zuk\u00fcnftig entstehenden Schadensersatzanspr\u00fcche im Zusammenhang mit dem oben beschriebenen<br>Schaden vollst\u00e4ndig und unwiderruflich gegen\u00fcber dem Beg\u00fcnstigten geltend macht und auf diese verzichtet.<br>\u00a7 2 \u2013 Umfang des Verzichts<br>Der Verzicht umfasst alle bekannten und unbekannten Schadensersatzanspr\u00fcche, gleich aus welchem<br>Rechtsgrund, insbesondere auch aus Vertrag, unerlaubter Handlung oder sonstigen Anspruchsgrundlagen.<br>\u00a7 3 \u2013 Rechtsfolgen<br>Mit Unterzeichnung dieser Verzichtserkl\u00e4rung verzichtet der Verzichtende auf die Geltendmachung von<br>Schadensersatzanspr\u00fcchen, auch soweit diese erst in der Zukunft entstanden oder erst sp\u00e4ter bekannt werden.<br>\u00a7 4 \u2013 Salvatorische Klausel<br>Sollten einzelne Bestimmungen dieser Erkl\u00e4rung unwirksam sein oder werden, ber\u00fchrt dies nicht die<br>Wirksamkeit der \u00fcbrigen Bestimmungen. Anstelle der unwirksamen Bestimmung gilt eine Regelung, die der wirtschaftlichen Zweck am n\u00e4chsten kommt.<br>\u00a7 5 \u2013 Schlussbestimmungen<br>Diese Erkl\u00e4rung wurde vom Verzichtenden freiwillig und in Kenntnis der rechtlichen Folgen abgegeben und ist rechtsverbindlich.<br>VERZICHTENDER<br>BERECHTIGTER \/ EMPF\u00c4NGER<br>Unterschrift: <strong><em><strong><em>_____________<\/em><\/strong><\/em><\/strong><br>Unterschrift: <strong><em><strong><em>_____________<\/em><\/strong><\/em><\/strong><\/p>\n<\/div>\n\n\n\n<div class=\"wp-block-group alignfull is-style-ext-preset--group--natural-1--section has-background-background-color has-background has-global-padding is-layout-constrained wp-container-core-group-is-layout-e96f6837 wp-block-group-is-layout-constrained\" style=\"margin-top:0;margin-bottom:0;padding-top:0;padding-right:0;padding-bottom:0;padding-left:0\">\n<div class=\"wp-block-cover alignfull is-style-ext-preset--cover--natural-1--cover-overlay-1 is-style-ext-preset--cover--natural-1--cover-overlay-1--11\" style=\"padding-top:var(--wp--preset--spacing--70);padding-right:var(--wp--preset--spacing--30);padding-bottom:var(--wp--preset--spacing--70);padding-left:var(--wp--preset--spacing--30)\"><img loading=\"lazy\" decoding=\"async\" width=\"1440\" height=\"960\" class=\"wp-block-cover__image-background wp-image-499\" alt=\"\" src=\"https:\/\/grenzer.org\/wp-content\/uploads\/2026\/01\/97451ca3d9cadc5d714c40e6ac5cede086f4660c.jpg\" data-object-fit=\"cover\" srcset=\"https:\/\/grenzer.org\/wp-content\/uploads\/2026\/01\/97451ca3d9cadc5d714c40e6ac5cede086f4660c.jpg 1440w, https:\/\/grenzer.org\/wp-content\/uploads\/2026\/01\/97451ca3d9cadc5d714c40e6ac5cede086f4660c-300x200.jpg 300w, https:\/\/grenzer.org\/wp-content\/uploads\/2026\/01\/97451ca3d9cadc5d714c40e6ac5cede086f4660c-1024x683.jpg 1024w, https:\/\/grenzer.org\/wp-content\/uploads\/2026\/01\/97451ca3d9cadc5d714c40e6ac5cede086f4660c-768x512.jpg 768w, https:\/\/grenzer.org\/wp-content\/uploads\/2026\/01\/97451ca3d9cadc5d714c40e6ac5cede086f4660c-18x12.jpg 18w\" sizes=\"auto, (max-width: 1440px) 100vw, 1440px\" \/><span aria-hidden=\"true\" class=\"wp-block-cover__background has-background-dim-80 has-background-dim\" style=\"background-color:#010101\"><\/span><div class=\"wp-block-cover__inner-container has-global-padding is-layout-constrained wp-container-core-cover-is-layout-5cffc2c1 wp-block-cover-is-layout-constrained\">\n<p class=\"has-text-align-center has-large-font-size\">Die Uhr  tig`t<\/p>\n<\/div><\/div>\n<\/div>\n\n\n\n<div class=\"wp-block-group alignfull is-style-ext-preset--group--natural-1--section has-background-background-color has-background has-global-padding is-layout-constrained wp-container-core-group-is-layout-e96f6837 wp-block-group-is-layout-constrained\" style=\"margin-top:0;margin-bottom:0;padding-top:0;padding-right:0;padding-bottom:0;padding-left:0\"><\/div>","protected":false},"excerpt":{"rendered":"<p>Unsere Expertise im WIG-Reparaturschwei\u00dfen Sie haben einen Werkzeugschaden und ben\u00f6tigen sofortige Unterst\u00fctzung 24\/7 bei der Reparatur oder generelle Projektunterst\u00fctzung im Formenbau? Michael Z\u00f6llner, mobil Tel. +49 170 5505018 Reparaturschwei\u00dfen Schnelle mobile und pr\u00e4zise WIG-Schwei\u00dfreparaturen f\u00fcr Ihre Sonderwerkzeuge und Formen, an allen \u00fcblichen Stahllegierungen. Nacharbeit H\u00e4ndische Nacharbeit von Schwei\u00dfstellen auch im Zusammenbau der Werkzeuge bis zur [&hellip;]<\/p>\n","protected":false},"author":1,"featured_media":0,"parent":0,"menu_order":0,"comment_status":"closed","ping_status":"closed","template":"page-with-title","meta":{"footnotes":""},"class_list":["post-397","page","type-page","status-publish","hentry"],"_links":{"self":[{"href":"https:\/\/grenzer.org\/en\/wp-json\/wp\/v2\/pages\/397","targetHints":{"allow":["GET"]}}],"collection":[{"href":"https:\/\/grenzer.org\/en\/wp-json\/wp\/v2\/pages"}],"about":[{"href":"https:\/\/grenzer.org\/en\/wp-json\/wp\/v2\/types\/page"}],"author":[{"embeddable":true,"href":"https:\/\/grenzer.org\/en\/wp-json\/wp\/v2\/users\/1"}],"replies":[{"embeddable":true,"href":"https:\/\/grenzer.org\/en\/wp-json\/wp\/v2\/comments?post=397"}],"version-history":[{"count":101,"href":"https:\/\/grenzer.org\/en\/wp-json\/wp\/v2\/pages\/397\/revisions"}],"predecessor-version":[{"id":506,"href":"https:\/\/grenzer.org\/en\/wp-json\/wp\/v2\/pages\/397\/revisions\/506"}],"wp:attachment":[{"href":"https:\/\/grenzer.org\/en\/wp-json\/wp\/v2\/media?parent=397"}],"curies":[{"name":"wp","href":"https:\/\/api.w.org\/{rel}","templated":true}]}}